{"id":45,"date":"2023-12-01T08:35:39","date_gmt":"2023-12-01T13:35:39","guid":{"rendered":"https:\/\/www.gmgingenieros.com\/?page_id=45"},"modified":"2023-12-15T23:10:53","modified_gmt":"2023-12-16T04:10:53","slug":"termografia-infrarroja-y-con-drones","status":"publish","type":"page","link":"https:\/\/www.gmgingenieros.com\/index.php\/inicio\/ingenieria\/termografia-infrarroja-y-con-drones\/","title":{"rendered":"Termograf\u00eda Infrarroja y con Drones"},"content":{"rendered":"\t\t<div data-elementor-type=\"wp-page\" data-elementor-id=\"45\" class=\"elementor elementor-45\" data-elementor-post-type=\"page\">\n\t\t\t\t<div class=\"elementor-element elementor-element-4ad8a87 e-flex e-con-boxed e-con e-parent\" data-id=\"4ad8a87\" data-element_type=\"container\" data-e-type=\"container\">\n\t\t\t\t\t<div class=\"e-con-inner\">\n\t\t\t\t<div class=\"elementor-element elementor-element-796bb4c elementor-invisible elementor-widget elementor-widget-heading\" data-id=\"796bb4c\" data-element_type=\"widget\" data-e-type=\"widget\" data-settings=\"{&quot;_animation&quot;:&quot;fadeIn&quot;}\" data-widget_type=\"heading.default\">\n\t\t\t\t<div class=\"elementor-widget-container\">\n\t\t\t\t\t<h2 class=\"elementor-heading-title elementor-size-default\">TERMOGRAFIA INFRARROJA Y CON DRONES: Innovaci\u00f3n en Inspecci\u00f3n y Mantenimiento<\/h2>\t\t\t\t<\/div>\n\t\t\t\t<\/div>\n\t\t\t\t\t<\/div>\n\t\t\t\t<\/div>\n\t\t<div class=\"elementor-element elementor-element-2f1debf e-flex e-con-boxed e-con e-parent\" data-id=\"2f1debf\" data-element_type=\"container\" data-e-type=\"container\">\n\t\t\t\t\t<div class=\"e-con-inner\">\n\t\t\t\t<div class=\"elementor-element elementor-element-c97dbb6 elementor-widget elementor-widget-text-editor\" data-id=\"c97dbb6\" data-element_type=\"widget\" data-e-type=\"widget\" data-widget_type=\"text-editor.default\">\n\t\t\t\t<div class=\"elementor-widget-container\">\n\t\t\t\t\t\t\t\t\t<p><img fetchpriority=\"high\" decoding=\"async\" class=\"alignright\" src=\"https:\/\/www.gmgingenieros.com\/wp-content\/uploads\/2023\/12\/Termo_01.webp\" alt=\"TERMOGRAFIA INFRARROJA Y CON DRONES - Termo 01\" width=\"370\" height=\"300\" \/><\/p><p class=\"justificar\">En GMG ofrecemos servicios de termograf\u00eda infrarroja y utilizaci\u00f3n de drones para inspecci\u00f3n y mantenimiento de infraestructuras. Nuestra tecnolog\u00eda avanzada y experiencia en el campo nos permiten ofrecer soluciones de alta calidad para una variedad de aplicaciones.<\/p><p class=\"justificar\"><strong>Nuestras Actividades:<\/strong><\/p><ul class=\"justificar\"><li><strong>Termograf\u00eda Infrarroja de Precisi\u00f3n:<\/strong> Utilizamos c\u00e1maras termogr\u00e1ficas de \u00faltima generaci\u00f3n para detectar y evaluar variaciones de temperatura en equipos y sistemas el\u00e9ctricos. Esto nos permite identificar problemas de sobrecalentamiento, puntos calientes, y conexiones defectuosas antes de que se conviertan en fallas costosas. Nuestros t\u00e9cnicos certificados realizan inspecciones termogr\u00e1ficas en tiempo real, evaluando las im\u00e1genes t\u00e9rmicas para identificar problemas. Utilizamos equipos de alta precisi\u00f3n para garantizar resultados confiables.<\/li><\/ul>\t\t\t\t\t\t\t\t<\/div>\n\t\t\t\t<\/div>\n\t\t\t\t\t<\/div>\n\t\t\t\t<\/div>\n\t\t<div class=\"elementor-element elementor-element-080e55e e-flex e-con-boxed e-con e-parent\" data-id=\"080e55e\" data-element_type=\"container\" data-e-type=\"container\">\n\t\t\t\t\t<div class=\"e-con-inner\">\n\t\t\t\t<div class=\"elementor-element elementor-element-88fdeaa elementor-widget elementor-widget-text-editor\" data-id=\"88fdeaa\" data-element_type=\"widget\" data-e-type=\"widget\" data-widget_type=\"text-editor.default\">\n\t\t\t\t<div class=\"elementor-widget-container\">\n\t\t\t\t\t\t\t\t\t<img decoding=\"async\" class=\"alignleft\" src=\"https:\/\/www.gmgingenieros.com\/wp-content\/uploads\/2023\/12\/Termo_02.webp\" alt=\"TERMOGRAFIA INFRARROJA Y CON DRONES - Termo 02\" width=\"350\" height=\"280\" \/>\n<ul class=\"justificar\">\n \t<li><strong>Inspecci\u00f3n con Drones:<\/strong> Empleamos drones equipados con c\u00e1maras de alta resoluci\u00f3n y tecnolog\u00eda de detecci\u00f3n para inspeccionar infraestructuras, techos, fachadas, torres, l\u00edneas el\u00e9ctricas y m\u00e1s. Los drones pueden acceder a \u00e1reas de dif\u00edcil acceso, proporcionando una vista en detalle sin riesgos para el personal. Nuestros pilotos de drones expertos manejan las aeronaves con habilidad y seguridad. Durante las inspecciones, capturamos im\u00e1genes y videos de alta resoluci\u00f3n que se analizan para detectar anomal\u00edas y problemas potenciales.<\/li>\n<\/ul>\t\t\t\t\t\t\t\t<\/div>\n\t\t\t\t<\/div>\n\t\t\t\t\t<\/div>\n\t\t\t\t<\/div>\n\t\t<div class=\"elementor-element elementor-element-b0c1711 e-flex e-con-boxed e-con e-parent\" data-id=\"b0c1711\" data-element_type=\"container\" data-e-type=\"container\">\n\t\t\t\t\t<div class=\"e-con-inner\">\n\t\t\t\t<div class=\"elementor-element elementor-element-7555db6 elementor-widget elementor-widget-text-editor\" data-id=\"7555db6\" data-element_type=\"widget\" data-e-type=\"widget\" data-widget_type=\"text-editor.default\">\n\t\t\t\t<div class=\"elementor-widget-container\">\n\t\t\t\t\t\t\t\t\t<p><img decoding=\"async\" class=\"alignright\" src=\"https:\/\/www.gmgingenieros.com\/wp-content\/uploads\/2023\/12\/Termo_03.webp\" alt=\"TERMOGRAFIA INFRARROJA Y CON DRONES - Termo 03\" width=\"370\" height=\"300\" \/><strong>Beneficios de Nuestros Servicios:<\/strong><\/p><ul class=\"justificar\"><li><strong>Detecci\u00f3n Temprana de Problemas:<\/strong> La termograf\u00eda infrarroja permite la detecci\u00f3n temprana de problemas el\u00e9ctricos y mec\u00e1nicos, lo que evita costosos tiempos de inactividad y reparaciones.<\/li><li><strong>Seguridad:<\/strong> Las inspecciones con drones eliminan la necesidad de que el personal realice inspecciones manuales en \u00e1reas peligrosas o de dif\u00edcil acceso, mejorando la seguridad en el lugar de trabajo.<\/li><li><strong>Ahorro de Tiempo y Costos:<\/strong> Nuestras tecnolog\u00edas avanzadas reducen el tiempo requerido para inspecciones y la necesidad de interrupciones en la operaci\u00f3n. Esto se traduce en ahorros significativos.<\/li><li><strong>Mejora de la Eficiencia:<\/strong> Identificar y solucionar problemas antes de que se conviertan en fallos cr\u00edticos mejora la eficiencia operativa y prolonga la vida \u00fatil de los equipos.<\/li><li><strong>Informaci\u00f3n Accesible:<\/strong> Proporcionamos informes detallados y f\u00e1cilmente accesibles que ayudan a los clientes a tomar decisiones informadas sobre el mantenimiento y la gesti\u00f3n de sus activos.<\/li><\/ul><p class=\"justificar\">En <strong>GMG<\/strong> nuestro compromiso es brindar soluciones de inspecci\u00f3n y mantenimiento de alta calidad que optimizan la seguridad, la eficiencia y la confiabilidad de sus operaciones. Nuestra combinaci\u00f3n de tecnolog\u00eda de vanguardia y experiencia garantiza resultados excepcionales. Cont\u00e1ctenos hoy para obtener m\u00e1s informaci\u00f3n sobre c\u00f3mo nuestras soluciones de termograf\u00eda infrarroja y drones pueden beneficiar su empresa.<\/p>\t\t\t\t\t\t\t\t<\/div>\n\t\t\t\t<\/div>\n\t\t\t\t\t<\/div>\n\t\t\t\t<\/div>\n\t\t\t\t<\/div>\n\t\t","protected":false},"excerpt":{"rendered":"<p>TERMOGRAFIA INFRARROJA Y CON DRONES: Innovaci\u00f3n en Inspecci\u00f3n y Mantenimiento En GMG ofrecemos servicios de termograf\u00eda infrarroja y utilizaci\u00f3n de drones para inspecci\u00f3n y mantenimiento de infraestructuras. Nuestra tecnolog\u00eda avanzada y experiencia en el campo nos permiten ofrecer soluciones de alta calidad para una variedad de aplicaciones. Nuestras Actividades: Termograf\u00eda Infrarroja de Precisi\u00f3n: Utilizamos c\u00e1maras [&hellip;]<\/p>\n","protected":false},"author":1,"featured_media":0,"parent":28,"menu_order":0,"comment_status":"closed","ping_status":"closed","template":"","meta":{"site-sidebar-layout":"no-sidebar","site-content-layout":"","ast-site-content-layout":"full-width-container","site-content-style":"default","site-sidebar-style":"default","ast-global-header-display":"","ast-banner-title-visibility":"","ast-main-header-display":"","ast-hfb-above-header-display":"","ast-hfb-below-header-display":"","ast-hfb-mobile-header-display":"","site-post-title":"disabled","ast-breadcrumbs-content":"","ast-featured-img":"disabled","footer-sml-layout":"","ast-disable-related-posts":"","theme-transparent-header-meta":"","adv-header-id-meta":"","stick-header-meta":"","header-above-stick-meta":"","header-main-stick-meta":"","header-below-stick-meta":"","astra-migrate-meta-layouts":"default","ast-page-background-enabled":"default","ast-page-background-meta":{"desktop":{"background-color":"var(--ast-global-color-4)","background-image":"","background-repeat":"repeat","background-position":"center center","background-size":"auto","background-attachment":"scroll","background-type":"","background-media":"","overlay-type":"","overlay-color":"","overlay-opacity":"","overlay-gradient":""},"tablet":{"background-color":"","background-image":"","background-repeat":"repeat","background-position":"center center","background-size":"auto","background-attachment":"scroll","background-type":"","background-media":"","overlay-type":"","overlay-color":"","overlay-opacity":"","overlay-gradient":""},"mobile":{"background-color":"","background-image":"","background-repeat":"repeat","background-position":"center center","background-size":"auto","background-attachment":"scroll","background-type":"","background-media":"","overlay-type":"","overlay-color":"","overlay-opacity":"","overlay-gradient":""}},"ast-content-background-meta":{"desktop":{"background-color":"var(--ast-global-color-5)","background-image":"","background-repeat":"repeat","background-position":"center center","background-size":"auto","background-attachment":"scroll","background-type":"","background-media":"","overlay-type":"","overlay-color":"","overlay-opacity":"","overlay-gradient":""},"tablet":{"background-color":"var(--ast-global-color-5)","background-image":"","background-repeat":"repeat","background-position":"center center","background-size":"auto","background-attachment":"scroll","background-type":"","background-media":"","overlay-type":"","overlay-color":"","overlay-opacity":"","overlay-gradient":""},"mobile":{"background-color":"var(--ast-global-color-5)","background-image":"","background-repeat":"repeat","background-position":"center center","background-size":"auto","background-attachment":"scroll","background-type":"","background-media":"","overlay-type":"","overlay-color":"","overlay-opacity":"","overlay-gradient":""}},"footnotes":""},"class_list":["post-45","page","type-page","status-publish","hentry"],"_links":{"self":[{"href":"https:\/\/www.gmgingenieros.com\/index.php\/wp-json\/wp\/v2\/pages\/45","targetHints":{"allow":["GET"]}}],"collection":[{"href":"https:\/\/www.gmgingenieros.com\/index.php\/wp-json\/wp\/v2\/pages"}],"about":[{"href":"https:\/\/www.gmgingenieros.com\/index.php\/wp-json\/wp\/v2\/types\/page"}],"author":[{"embeddable":true,"href":"https:\/\/www.gmgingenieros.com\/index.php\/wp-json\/wp\/v2\/users\/1"}],"replies":[{"embeddable":true,"href":"https:\/\/www.gmgingenieros.com\/index.php\/wp-json\/wp\/v2\/comments?post=45"}],"version-history":[{"count":28,"href":"https:\/\/www.gmgingenieros.com\/index.php\/wp-json\/wp\/v2\/pages\/45\/revisions"}],"predecessor-version":[{"id":550,"href":"https:\/\/www.gmgingenieros.com\/index.php\/wp-json\/wp\/v2\/pages\/45\/revisions\/550"}],"up":[{"embeddable":true,"href":"https:\/\/www.gmgingenieros.com\/index.php\/wp-json\/wp\/v2\/pages\/28"}],"wp:attachment":[{"href":"https:\/\/www.gmgingenieros.com\/index.php\/wp-json\/wp\/v2\/media?parent=45"}],"curies":[{"name":"wp","href":"https:\/\/api.w.org\/{rel}","templated":true}]}}