{"id":1259,"date":"2024-02-24T12:39:05","date_gmt":"2024-02-24T17:39:05","guid":{"rendered":"https:\/\/www.gmgingenieros.com\/?page_id=1259"},"modified":"2024-02-24T13:06:01","modified_gmt":"2024-02-24T18:06:01","slug":"modulos-fotovoltaicos","status":"publish","type":"page","link":"https:\/\/www.gmgingenieros.com\/index.php\/inicio\/soluciones-energeticas-sostenibles\/modulos-fotovoltaicos\/","title":{"rendered":"M\u00f3dulos Fotovoltaicos"},"content":{"rendered":"\t\t<div data-elementor-type=\"wp-page\" data-elementor-id=\"1259\" class=\"elementor elementor-1259\" data-elementor-post-type=\"page\">\n\t\t\t\t<div class=\"elementor-element elementor-element-6688f185 e-flex e-con-boxed e-con e-parent\" data-id=\"6688f185\" data-element_type=\"container\" data-e-type=\"container\">\n\t\t\t\t\t<div class=\"e-con-inner\">\n\t\t\t\t<div class=\"elementor-element elementor-element-20bdfa38 elementor-widget elementor-widget-heading\" data-id=\"20bdfa38\" data-element_type=\"widget\" data-e-type=\"widget\" data-widget_type=\"heading.default\">\n\t\t\t\t<div class=\"elementor-widget-container\">\n\t\t\t\t\t<h2 class=\"elementor-heading-title elementor-size-default\">MODULOS FOTOVOLTAICOS: Innovaci\u00f3n Energ\u00e9tica a tu Medida<\/h2>\t\t\t\t<\/div>\n\t\t\t\t<\/div>\n\t\t\t\t\t<\/div>\n\t\t\t\t<\/div>\n\t\t<div class=\"elementor-element elementor-element-76b90279 e-flex e-con-boxed e-con e-parent\" data-id=\"76b90279\" data-element_type=\"container\" data-e-type=\"container\">\n\t\t\t\t\t<div class=\"e-con-inner\">\n\t\t\t\t<div class=\"elementor-element elementor-element-64f9b249 elementor-widget elementor-widget-text-editor\" data-id=\"64f9b249\" data-element_type=\"widget\" data-e-type=\"widget\" data-widget_type=\"text-editor.default\">\n\t\t\t\t<div class=\"elementor-widget-container\">\n\t\t\t\t\t\t\t\t\t<img fetchpriority=\"high\" decoding=\"async\" class=\"alignright\" src=\"https:\/\/www.gmgingenieros.com\/wp-content\/uploads\/2024\/01\/01-Modulos-Fotovoltaicos.webp\" alt=\"M\u00f3dulos Fotovoltaicos\" width=\"545\" height=\"317\" \/>\n\n<p class=\"justificar\">En <strong>GMG<\/strong> te ofrecemos una amplia gama de soluciones en generaci\u00f3n y utilizaci\u00f3n de la energ\u00eda solar que se adaptan a tus necesidades espec\u00edficas. Nuestra experiencia en sistemas fotovoltaicos garantiza que puedas aprovechar al m\u00e1ximo el poder del sol y reducir significativamente tus costos energ\u00e9ticos. A continuaci\u00f3n, te presentamos nuestras soluciones m\u00e1s destacadas:<\/p>\n<ul class=\"justificar\">\n \t<li><strong>Sistemas de Autoconsumo ON GRID:<\/strong> Nuestra soluci\u00f3n ON GRID te permite autoabastecerte de energ\u00eda solar y, al mismo tiempo, inyectar cualquier exceso de energ\u00eda en la red el\u00e9ctrica. Esta elecci\u00f3n no solo te proporciona independencia energ\u00e9tica, sino que tambi\u00e9n puede reducir tus costos energ\u00e9ticos. Ideal para lugares con acceso a la red el\u00e9ctrica.<\/li><br>\n \t<li><strong>Sistemas Aislados OFF GRID: <\/strong>Nuestros sistemas OFF GRID generan electricidad y almacenan energ\u00eda de manera aut\u00f3noma, independientemente de la red el\u00e9ctrica. Esta opci\u00f3n es perfecta para ubicaciones remotas o rurales donde no existe acceso a una red el\u00e9ctrica tradicional. Nunca m\u00e1s depender\u00e1s de proveedores externos de electricidad.<\/li><br>\n\n<img decoding=\"async\" class=\"size-full wp-image-940 alignright\" src=\"https:\/\/www.gmgingenieros.com\/wp-content\/uploads\/2024\/01\/02-Modulos-Fotovoltaicos.webp\" alt=\"M\u00f3dulos Fotovoltaicos\" width=\"527\" height=\"341\" srcset=\"https:\/\/www.gmgingenieros.com\/wp-content\/uploads\/2024\/01\/02-Modulos-Fotovoltaicos.webp 527w, https:\/\/www.gmgingenieros.com\/wp-content\/uploads\/2024\/01\/02-Modulos-Fotovoltaicos-300x194.webp 300w\" sizes=\"(max-width: 527px) 100vw, 527px\" \/>\n \t<li><strong>Sistemas de Bombeo de Agua Solar: <\/strong>Nuestros sistemas de bombeo de agua solar son una soluci\u00f3n eficiente y ecol\u00f3gica para el suministro de agua en \u00e1reas rurales. Mueven directamente una bomba utilizando la energ\u00eda generada por los m\u00f3dulos solares, lo que elimina la necesidad de redes el\u00e9ctricas o grupos electr\u00f3genos y, al mismo tiempo, reduce costos y el mantenimiento.<\/li><br>\n\t<li><strong>Termas Solares Eficientes:<\/strong> Nuestros sistemas de termas solares utilizan espejos cil\u00edndricos para concentrar la energ\u00eda solar y calentar el agua de manera eficiente. Esto garantiza temperaturas m\u00e1s elevadas y un funcionamiento \u00f3ptimo, lo que se traduce en un ahorro significativo en tus facturas energ\u00e9ticas. Una elecci\u00f3n inteligente y ecol\u00f3gica para el calentamiento de agua.<\/li>\n<\/ol><br>\n<p class=\"justificar\">En <strong>GMG<\/strong>, sabemos que la energ\u00eda solar es una inversi\u00f3n en un futuro m\u00e1s sostenible y econ\u00f3mico. Nuestras soluciones est\u00e1n dise\u00f1adas para satisfacer tus necesidades espec\u00edficas y aprovechar al m\u00e1ximo la energ\u00eda solar disponible. Cont\u00e1ctanos hoy para descubrir c\u00f3mo puedes unirte a la revoluci\u00f3n solar y experimentar los beneficios de la generaci\u00f3n de energ\u00eda renovable.<\/p>\t\t\t\t\t\t\t\t<\/div>\n\t\t\t\t<\/div>\n\t\t\t\t\t<\/div>\n\t\t\t\t<\/div>\n\t\t<div class=\"elementor-element elementor-element-9002927 e-flex e-con-boxed e-con e-parent\" data-id=\"9002927\" data-element_type=\"container\" data-e-type=\"container\">\n\t\t\t\t\t<div class=\"e-con-inner\">\n\t\t\t\t<div class=\"elementor-element elementor-element-576344e elementor-widget elementor-widget-gallery\" data-id=\"576344e\" data-element_type=\"widget\" data-e-type=\"widget\" data-settings=\"{&quot;gallery_layout&quot;:&quot;justified&quot;,&quot;ideal_row_height&quot;:{&quot;unit&quot;:&quot;px&quot;,&quot;size&quot;:363,&quot;sizes&quot;:[]},&quot;gap&quot;:{&quot;unit&quot;:&quot;px&quot;,&quot;size&quot;:5,&quot;sizes&quot;:[]},&quot;lazyload&quot;:&quot;yes&quot;,&quot;ideal_row_height_tablet&quot;:{&quot;unit&quot;:&quot;px&quot;,&quot;size&quot;:150,&quot;sizes&quot;:[]},&quot;ideal_row_height_mobile&quot;:{&quot;unit&quot;:&quot;px&quot;,&quot;size&quot;:150,&quot;sizes&quot;:[]},&quot;gap_tablet&quot;:{&quot;unit&quot;:&quot;px&quot;,&quot;size&quot;:10,&quot;sizes&quot;:[]},&quot;gap_mobile&quot;:{&quot;unit&quot;:&quot;px&quot;,&quot;size&quot;:10,&quot;sizes&quot;:[]},&quot;link_to&quot;:&quot;file&quot;,&quot;overlay_background&quot;:&quot;yes&quot;,&quot;content_hover_animation&quot;:&quot;fade-in&quot;}\" data-widget_type=\"gallery.default\">\n\t\t\t\t<div class=\"elementor-widget-container\">\n\t\t\t\t\t\t\t<div class=\"elementor-gallery__container\">\n\t\t\t\t\t\t\t<a class=\"e-gallery-item elementor-gallery-item elementor-animated-content\" href=\"https:\/\/www.gmgingenieros.com\/wp-content\/uploads\/2024\/02\/sistemas-002.webp\" data-elementor-open-lightbox=\"yes\" data-elementor-lightbox-slideshow=\"576344e\" data-elementor-lightbox-title=\"Diagrama de Funcionamiento - Bombeo de Agua\" data-e-action-hash=\"#elementor-action%3Aaction%3Dlightbox%26settings%3DeyJpZCI6MTI3OCwidXJsIjoiaHR0cHM6XC9cL3d3dy5nbWdpbmdlbmllcm9zLmNvbVwvd3AtY29udGVudFwvdXBsb2Fkc1wvMjAyNFwvMDJcL3Npc3RlbWFzLTAwMi53ZWJwIiwic2xpZGVzaG93IjoiNTc2MzQ0ZSJ9\">\n\t\t\t\t\t<div class=\"e-gallery-image elementor-gallery-item__image\" data-thumbnail=\"https:\/\/www.gmgingenieros.com\/wp-content\/uploads\/2024\/02\/sistemas-002.webp\" data-width=\"559\" data-height=\"532\" aria-label=\"Diagrama de Funcionamiento - Bombeo de Agua\" role=\"img\" ><\/div>\n\t\t\t\t\t\t\t\t\t\t\t<div class=\"elementor-gallery-item__overlay\"><\/div>\n\t\t\t\t\t\t\t\t\t\t\t\t\t\t<\/a>\n\t\t\t\t\t\t\t<a class=\"e-gallery-item elementor-gallery-item elementor-animated-content\" href=\"https:\/\/www.gmgingenieros.com\/wp-content\/uploads\/2024\/02\/sistemas-001.webp\" data-elementor-open-lightbox=\"yes\" data-elementor-lightbox-slideshow=\"576344e\" data-elementor-lightbox-title=\"sistema de bombeo\" data-e-action-hash=\"#elementor-action%3Aaction%3Dlightbox%26settings%3DeyJpZCI6MTI3NywidXJsIjoiaHR0cHM6XC9cL3d3dy5nbWdpbmdlbmllcm9zLmNvbVwvd3AtY29udGVudFwvdXBsb2Fkc1wvMjAyNFwvMDJcL3Npc3RlbWFzLTAwMS53ZWJwIiwic2xpZGVzaG93IjoiNTc2MzQ0ZSJ9\">\n\t\t\t\t\t<div class=\"e-gallery-image elementor-gallery-item__image\" data-thumbnail=\"https:\/\/www.gmgingenieros.com\/wp-content\/uploads\/2024\/02\/sistemas-001.webp\" data-width=\"685\" data-height=\"424\" aria-label=\"sistema de bombeo\" role=\"img\" ><\/div>\n\t\t\t\t\t\t\t\t\t\t\t<div class=\"elementor-gallery-item__overlay\"><\/div>\n\t\t\t\t\t\t\t\t\t\t\t\t\t\t<\/a>\n\t\t\t\t\t\t\t<a class=\"e-gallery-item elementor-gallery-item elementor-animated-content\" href=\"https:\/\/www.gmgingenieros.com\/wp-content\/uploads\/2024\/02\/sistemas-003.webp\" data-elementor-open-lightbox=\"yes\" data-elementor-lightbox-slideshow=\"576344e\" data-elementor-lightbox-title=\"Sistema de Control Inteligente\" data-e-action-hash=\"#elementor-action%3Aaction%3Dlightbox%26settings%3DeyJpZCI6MTI3OSwidXJsIjoiaHR0cHM6XC9cL3d3dy5nbWdpbmdlbmllcm9zLmNvbVwvd3AtY29udGVudFwvdXBsb2Fkc1wvMjAyNFwvMDJcL3Npc3RlbWFzLTAwMy53ZWJwIiwic2xpZGVzaG93IjoiNTc2MzQ0ZSJ9\">\n\t\t\t\t\t<div class=\"e-gallery-image elementor-gallery-item__image\" data-thumbnail=\"https:\/\/www.gmgingenieros.com\/wp-content\/uploads\/2024\/02\/sistemas-003.webp\" data-width=\"916\" data-height=\"467\" aria-label=\"Sistema de Control Inteligente\" role=\"img\" ><\/div>\n\t\t\t\t\t\t\t\t\t\t\t<div class=\"elementor-gallery-item__overlay\"><\/div>\n\t\t\t\t\t\t\t\t\t\t\t\t\t\t<\/a>\n\t\t\t\t\t\t\t<a class=\"e-gallery-item elementor-gallery-item elementor-animated-content\" href=\"https:\/\/www.gmgingenieros.com\/wp-content\/uploads\/2024\/02\/sistemas-004.webp\" data-elementor-open-lightbox=\"yes\" data-elementor-lightbox-slideshow=\"576344e\" data-elementor-lightbox-title=\"Sistema de Control Inteligente\" data-e-action-hash=\"#elementor-action%3Aaction%3Dlightbox%26settings%3DeyJpZCI6MTI4MCwidXJsIjoiaHR0cHM6XC9cL3d3dy5nbWdpbmdlbmllcm9zLmNvbVwvd3AtY29udGVudFwvdXBsb2Fkc1wvMjAyNFwvMDJcL3Npc3RlbWFzLTAwNC53ZWJwIiwic2xpZGVzaG93IjoiNTc2MzQ0ZSJ9\">\n\t\t\t\t\t<div class=\"e-gallery-image elementor-gallery-item__image\" data-thumbnail=\"https:\/\/www.gmgingenieros.com\/wp-content\/uploads\/2024\/02\/sistemas-004.webp\" data-width=\"702\" data-height=\"504\" aria-label=\"Sistema de Control Inteligente\" role=\"img\" ><\/div>\n\t\t\t\t\t\t\t\t\t\t\t<div class=\"elementor-gallery-item__overlay\"><\/div>\n\t\t\t\t\t\t\t\t\t\t\t\t\t\t<\/a>\n\t\t\t\t\t<\/div>\n\t\t\t\t\t<\/div>\n\t\t\t\t<\/div>\n\t\t\t\t\t<\/div>\n\t\t\t\t<\/div>\n\t\t\t\t<\/div>\n\t\t","protected":false},"excerpt":{"rendered":"<p>MODULOS FOTOVOLTAICOS: Innovaci\u00f3n Energ\u00e9tica a tu Medida En GMG te ofrecemos una amplia gama de soluciones en generaci\u00f3n y utilizaci\u00f3n de la energ\u00eda solar que se adaptan a tus necesidades espec\u00edficas. Nuestra experiencia en sistemas fotovoltaicos garantiza que puedas aprovechar al m\u00e1ximo el poder del sol y reducir significativamente tus costos energ\u00e9ticos. A continuaci\u00f3n, te [&hellip;]<\/p>\n","protected":false},"author":1,"featured_media":0,"parent":739,"menu_order":0,"comment_status":"closed","ping_status":"closed","template":"","meta":{"site-sidebar-layout":"no-sidebar","site-content-layout":"","ast-site-content-layout":"full-width-container","site-content-style":"default","site-sidebar-style":"default","ast-global-header-display":"","ast-banner-title-visibility":"","ast-main-header-display":"","ast-hfb-above-header-display":"","ast-hfb-below-header-display":"","ast-hfb-mobile-header-display":"","site-post-title":"disabled","ast-breadcrumbs-content":"","ast-featured-img":"disabled","footer-sml-layout":"","ast-disable-related-posts":"","theme-transparent-header-meta":"","adv-header-id-meta":"","stick-header-meta":"","header-above-stick-meta":"","header-main-stick-meta":"","header-below-stick-meta":"","astra-migrate-meta-layouts":"default","ast-page-background-enabled":"default","ast-page-background-meta":{"desktop":{"background-color":"var(--ast-global-color-4)","background-image":"","background-repeat":"repeat","background-position":"center center","background-size":"auto","background-attachment":"scroll","background-type":"","background-media":"","overlay-type":"","overlay-color":"","overlay-opacity":"","overlay-gradient":""},"tablet":{"background-color":"","background-image":"","background-repeat":"repeat","background-position":"center center","background-size":"auto","background-attachment":"scroll","background-type":"","background-media":"","overlay-type":"","overlay-color":"","overlay-opacity":"","overlay-gradient":""},"mobile":{"background-color":"","background-image":"","background-repeat":"repeat","background-position":"center center","background-size":"auto","background-attachment":"scroll","background-type":"","background-media":"","overlay-type":"","overlay-color":"","overlay-opacity":"","overlay-gradient":""}},"ast-content-background-meta":{"desktop":{"background-color":"var(--ast-global-color-5)","background-image":"","background-repeat":"repeat","background-position":"center center","background-size":"auto","background-attachment":"scroll","background-type":"","background-media":"","overlay-type":"","overlay-color":"","overlay-opacity":"","overlay-gradient":""},"tablet":{"background-color":"var(--ast-global-color-5)","background-image":"","background-repeat":"repeat","background-position":"center center","background-size":"auto","background-attachment":"scroll","background-type":"","background-media":"","overlay-type":"","overlay-color":"","overlay-opacity":"","overlay-gradient":""},"mobile":{"background-color":"var(--ast-global-color-5)","background-image":"","background-repeat":"repeat","background-position":"center center","background-size":"auto","background-attachment":"scroll","background-type":"","background-media":"","overlay-type":"","overlay-color":"","overlay-opacity":"","overlay-gradient":""}},"footnotes":""},"class_list":["post-1259","page","type-page","status-publish","hentry"],"_links":{"self":[{"href":"https:\/\/www.gmgingenieros.com\/index.php\/wp-json\/wp\/v2\/pages\/1259","targetHints":{"allow":["GET"]}}],"collection":[{"href":"https:\/\/www.gmgingenieros.com\/index.php\/wp-json\/wp\/v2\/pages"}],"about":[{"href":"https:\/\/www.gmgingenieros.com\/index.php\/wp-json\/wp\/v2\/types\/page"}],"author":[{"embeddable":true,"href":"https:\/\/www.gmgingenieros.com\/index.php\/wp-json\/wp\/v2\/users\/1"}],"replies":[{"embeddable":true,"href":"https:\/\/www.gmgingenieros.com\/index.php\/wp-json\/wp\/v2\/comments?post=1259"}],"version-history":[{"count":7,"href":"https:\/\/www.gmgingenieros.com\/index.php\/wp-json\/wp\/v2\/pages\/1259\/revisions"}],"predecessor-version":[{"id":1286,"href":"https:\/\/www.gmgingenieros.com\/index.php\/wp-json\/wp\/v2\/pages\/1259\/revisions\/1286"}],"up":[{"embeddable":true,"href":"https:\/\/www.gmgingenieros.com\/index.php\/wp-json\/wp\/v2\/pages\/739"}],"wp:attachment":[{"href":"https:\/\/www.gmgingenieros.com\/index.php\/wp-json\/wp\/v2\/media?parent=1259"}],"curies":[{"name":"wp","href":"https:\/\/api.w.org\/{rel}","templated":true}]}}